{"id":5781,"date":"2021-04-29T15:40:40","date_gmt":"2021-04-29T15:40:40","guid":{"rendered":"https:\/\/tienda.euskal-denda.com\/eu\/?post_type=product&#038;p=5781"},"modified":"2021-04-29T15:40:46","modified_gmt":"2021-04-29T15:40:46","slug":"miel-de-castano-500-gr","status":"publish","type":"product","link":"https:\/\/tienda.euskal-denda.com\/eu\/produktua\/miel-de-castano-500-gr\/","title":{"rendered":"Miel de Casta\u00f1o 500 gr."},"content":{"rendered":"<div id=\"pestana-propiedades1\" class=\"easytabs-tab-content\">\n<p>La miel de Casta\u00f1o es una de las \u00a0mieles m\u00e1s valoradas por su alto contenido en minerales y antioxidantes.<\/p>\n<p>Es una miel atractiva por su color casi negro, olor a madera seca y sabor persistente que recuerda el norte de Espa\u00f1a donde florece el casta\u00f1o.<\/p>\n<p>Siendo la miel de Casta\u00f1o rica en hierro, potasio, calcio, f\u00f3sforo y magnesio es indicada para combatir la anemia, disenter\u00eda y cualquier perdida de sangre tales como la menstruaci\u00f3n \u00f3 hemorragias nasales.<\/p>\n<p>La miel de Casta\u00f1o es una de las \u00a0mieles m\u00e1s valoradas por su alto contenido en minerales y antioxidantes.<\/p>\n<p>Siendo la miel de Casta\u00f1o rica en hierro, potasio, calcio, f\u00f3sforo y magnesio es indicada para combatir la anemia, disenter\u00eda y cualquier perdida de sangre tales como la menstruaci\u00f3n \u00f3 hemorragias nasales.<\/p>\n<p>La combinaci\u00f3n de yogur Griego y miel de Casta\u00f1o es irresistible.<\/p>\n<\/div>\n","protected":false},"excerpt":{"rendered":"<p>Es una miel atractiva por su color casi negro, olor a madera seca y sabor persistente que recuerda a Euskadi donde florece el casta\u00f1o.<\/p>\n","protected":false},"featured_media":5810,"template":"","meta":[],"product_cat":[],"product_tag":[],"yoast_head":"<!-- This site is optimized with the Yoast SEO plugin v17.6 - https:\/\/yoast.com\/wordpress\/plugins\/seo\/ -->\n<title>Miel de Casta\u00f1o 500 gr. - EUSKAL DENDA: Euskal eskulangintza eta gastronomia<\/title>\n<meta name=\"robots\" content=\"index, follow, max-snippet:-1, max-image-preview:large, max-video-preview:-1\" \/>\n<link rel=\"canonical\" href=\"https:\/\/tienda.euskal-denda.com\/eu\/produktua\/miel-de-castano-500-gr\/\" \/>\n<meta property=\"og:locale\" content=\"en_US\" \/>\n<meta property=\"og:type\" content=\"article\" \/>\n<meta property=\"og:title\" content=\"Miel de Casta\u00f1o 500 gr. - EUSKAL DENDA: Euskal eskulangintza eta gastronomia\" \/>\n<meta property=\"og:description\" content=\"Es una miel atractiva por su color casi negro, olor a madera seca y sabor persistente que recuerda a Euskadi donde florece el casta\u00f1o.\" \/>\n<meta property=\"og:url\" content=\"https:\/\/tienda.euskal-denda.com\/eu\/produktua\/miel-de-castano-500-gr\/\" \/>\n<meta property=\"og:site_name\" content=\"EUSKAL DENDA: Euskal eskulangintza eta gastronomia\" \/>\n<meta property=\"article:modified_time\" content=\"2021-04-29T15:40:46+00:00\" \/>\n<meta property=\"og:image\" content=\"http:\/\/tienda.euskal-denda.com\/eu\/wp-content\/uploads\/sites\/2\/2021\/04\/miel-castanos.jpg\" \/>\n\t<meta property=\"og:image:width\" content=\"884\" \/>\n\t<meta property=\"og:image:height\" content=\"884\" \/>\n<meta name=\"twitter:card\" content=\"summary_large_image\" \/>\n<meta name=\"twitter:label1\" content=\"Est. reading time\" \/>\n\t<meta name=\"twitter:data1\" content=\"1 minutua\" \/>\n<script type=\"application\/ld+json\" class=\"yoast-schema-graph\">{\"@context\":\"https:\/\/schema.org\",\"@graph\":[{\"@type\":\"WebSite\",\"@id\":\"https:\/\/tienda.euskal-denda.com\/eu\/#website\",\"url\":\"https:\/\/tienda.euskal-denda.com\/eu\/\",\"name\":\"EUSKAL DENDA: Euskal eskulangintza eta gastronomia\",\"description\":\"EUSKAL DENDA: Euskal eskulangintza eta gastronomia\",\"potentialAction\":[{\"@type\":\"SearchAction\",\"target\":{\"@type\":\"EntryPoint\",\"urlTemplate\":\"https:\/\/tienda.euskal-denda.com\/eu\/?s={search_term_string}\"},\"query-input\":\"required name=search_term_string\"}],\"inLanguage\":\"eu\"},{\"@type\":\"ImageObject\",\"@id\":\"https:\/\/tienda.euskal-denda.com\/eu\/produktua\/miel-de-castano-500-gr\/#primaryimage\",\"inLanguage\":\"eu\",\"url\":\"https:\/\/tienda.euskal-denda.com\/eu\/wp-content\/uploads\/sites\/2\/2021\/04\/miel-castanos.jpg\",\"contentUrl\":\"https:\/\/tienda.euskal-denda.com\/eu\/wp-content\/uploads\/sites\/2\/2021\/04\/miel-castanos.jpg\",\"width\":884,\"height\":884},{\"@type\":\"WebPage\",\"@id\":\"https:\/\/tienda.euskal-denda.com\/eu\/produktua\/miel-de-castano-500-gr\/#webpage\",\"url\":\"https:\/\/tienda.euskal-denda.com\/eu\/produktua\/miel-de-castano-500-gr\/\",\"name\":\"Miel de Casta\\u00f1o 500 gr. - EUSKAL DENDA: Euskal eskulangintza eta gastronomia\",\"isPartOf\":{\"@id\":\"https:\/\/tienda.euskal-denda.com\/eu\/#website\"},\"primaryImageOfPage\":{\"@id\":\"https:\/\/tienda.euskal-denda.com\/eu\/produktua\/miel-de-castano-500-gr\/#primaryimage\"},\"datePublished\":\"2021-04-29T15:40:40+00:00\",\"dateModified\":\"2021-04-29T15:40:46+00:00\",\"breadcrumb\":{\"@id\":\"https:\/\/tienda.euskal-denda.com\/eu\/produktua\/miel-de-castano-500-gr\/#breadcrumb\"},\"inLanguage\":\"eu\",\"potentialAction\":[{\"@type\":\"ReadAction\",\"target\":[\"https:\/\/tienda.euskal-denda.com\/eu\/produktua\/miel-de-castano-500-gr\/\"]}]},{\"@type\":\"BreadcrumbList\",\"@id\":\"https:\/\/tienda.euskal-denda.com\/eu\/produktua\/miel-de-castano-500-gr\/#breadcrumb\",\"itemListElement\":[{\"@type\":\"ListItem\",\"position\":1,\"name\":\"Portada\",\"item\":\"https:\/\/tienda.euskal-denda.com\/eu\/\"},{\"@type\":\"ListItem\",\"position\":2,\"name\":\"Denda\",\"item\":\"https:\/\/tienda.euskal-denda.com\/eu\/denda\/\"},{\"@type\":\"ListItem\",\"position\":3,\"name\":\"Miel de Casta\\u00f1o 500 gr.\"}]}]}<\/script>\n<!-- \/ Yoast SEO plugin. -->","yoast_head_json":{"title":"Miel de Casta\u00f1o 500 gr. - EUSKAL DENDA: Euskal eskulangintza eta gastronomia","robots":{"index":"index","follow":"follow","max-snippet":"max-snippet:-1","max-image-preview":"max-image-preview:large","max-video-preview":"max-video-preview:-1"},"canonical":"https:\/\/tienda.euskal-denda.com\/eu\/produktua\/miel-de-castano-500-gr\/","og_locale":"en_US","og_type":"article","og_title":"Miel de Casta\u00f1o 500 gr. - EUSKAL DENDA: Euskal eskulangintza eta gastronomia","og_description":"Es una miel atractiva por su color casi negro, olor a madera seca y sabor persistente que recuerda a Euskadi donde florece el casta\u00f1o.","og_url":"https:\/\/tienda.euskal-denda.com\/eu\/produktua\/miel-de-castano-500-gr\/","og_site_name":"EUSKAL DENDA: Euskal eskulangintza eta gastronomia","article_modified_time":"2021-04-29T15:40:46+00:00","og_image":[{"width":884,"height":884,"url":"http:\/\/tienda.euskal-denda.com\/eu\/wp-content\/uploads\/sites\/2\/2021\/04\/miel-castanos.jpg","type":"image\/jpeg"}],"twitter_card":"summary_large_image","twitter_misc":{"Est. reading time":"1 minutua"},"schema":{"@context":"https:\/\/schema.org","@graph":[{"@type":"WebSite","@id":"https:\/\/tienda.euskal-denda.com\/eu\/#website","url":"https:\/\/tienda.euskal-denda.com\/eu\/","name":"EUSKAL DENDA: Euskal eskulangintza eta gastronomia","description":"EUSKAL DENDA: Euskal eskulangintza eta gastronomia","potentialAction":[{"@type":"SearchAction","target":{"@type":"EntryPoint","urlTemplate":"https:\/\/tienda.euskal-denda.com\/eu\/?s={search_term_string}"},"query-input":"required name=search_term_string"}],"inLanguage":"eu"},{"@type":"ImageObject","@id":"https:\/\/tienda.euskal-denda.com\/eu\/produktua\/miel-de-castano-500-gr\/#primaryimage","inLanguage":"eu","url":"https:\/\/tienda.euskal-denda.com\/eu\/wp-content\/uploads\/sites\/2\/2021\/04\/miel-castanos.jpg","contentUrl":"https:\/\/tienda.euskal-denda.com\/eu\/wp-content\/uploads\/sites\/2\/2021\/04\/miel-castanos.jpg","width":884,"height":884},{"@type":"WebPage","@id":"https:\/\/tienda.euskal-denda.com\/eu\/produktua\/miel-de-castano-500-gr\/#webpage","url":"https:\/\/tienda.euskal-denda.com\/eu\/produktua\/miel-de-castano-500-gr\/","name":"Miel de Casta\u00f1o 500 gr. - EUSKAL DENDA: Euskal eskulangintza eta gastronomia","isPartOf":{"@id":"https:\/\/tienda.euskal-denda.com\/eu\/#website"},"primaryImageOfPage":{"@id":"https:\/\/tienda.euskal-denda.com\/eu\/produktua\/miel-de-castano-500-gr\/#primaryimage"},"datePublished":"2021-04-29T15:40:40+00:00","dateModified":"2021-04-29T15:40:46+00:00","breadcrumb":{"@id":"https:\/\/tienda.euskal-denda.com\/eu\/produktua\/miel-de-castano-500-gr\/#breadcrumb"},"inLanguage":"eu","potentialAction":[{"@type":"ReadAction","target":["https:\/\/tienda.euskal-denda.com\/eu\/produktua\/miel-de-castano-500-gr\/"]}]},{"@type":"BreadcrumbList","@id":"https:\/\/tienda.euskal-denda.com\/eu\/produktua\/miel-de-castano-500-gr\/#breadcrumb","itemListElement":[{"@type":"ListItem","position":1,"name":"Portada","item":"https:\/\/tienda.euskal-denda.com\/eu\/"},{"@type":"ListItem","position":2,"name":"Denda","item":"https:\/\/tienda.euskal-denda.com\/eu\/denda\/"},{"@type":"ListItem","position":3,"name":"Miel de Casta\u00f1o 500 gr."}]}]}},"_links":{"self":[{"href":"https:\/\/tienda.euskal-denda.com\/eu\/wp-json\/wp\/v2\/product\/5781"}],"collection":[{"href":"https:\/\/tienda.euskal-denda.com\/eu\/wp-json\/wp\/v2\/product"}],"about":[{"href":"https:\/\/tienda.euskal-denda.com\/eu\/wp-json\/wp\/v2\/types\/product"}],"wp:featuredmedia":[{"embeddable":true,"href":"https:\/\/tienda.euskal-denda.com\/eu\/wp-json\/wp\/v2\/media\/5810"}],"wp:attachment":[{"href":"https:\/\/tienda.euskal-denda.com\/eu\/wp-json\/wp\/v2\/media?parent=5781"}],"wp:term":[{"taxonomy":"product_cat","embeddable":true,"href":"https:\/\/tienda.euskal-denda.com\/eu\/wp-json\/wp\/v2\/product_cat?post=5781"},{"taxonomy":"product_tag","embeddable":true,"href":"https:\/\/tienda.euskal-denda.com\/eu\/wp-json\/wp\/v2\/product_tag?post=5781"}],"curies":[{"name":"wp","href":"https:\/\/api.w.org\/{rel}","templated":true}]}}