{"id":5780,"date":"2021-04-29T15:40:40","date_gmt":"2021-04-29T15:40:40","guid":{"rendered":"https:\/\/tienda.euskal-denda.com\/eu\/?post_type=product&#038;p=5780"},"modified":"2021-04-29T15:40:45","modified_gmt":"2021-04-29T15:40:45","slug":"licor-hierbas-patxi-jarra-70-cl","status":"publish","type":"product","link":"https:\/\/tienda.euskal-denda.com\/eu\/produktua\/licor-hierbas-patxi-jarra-70-cl\/","title":{"rendered":"Licor Hierbas Patxi &#8211; Jarra 70 cl."},"content":{"rendered":"<p>PRODUCTOR: Licorera Vasca Ola\u00f1eta. Licorera Vasca nos ofrece este Patxi Orujo de Hierbas. Esta compa\u00f1\u00eda de licores fue fundada en 1910 en el municipio de Donostia \/ San Sebasti\u00e1n, en la comunidad del Pa\u00eds Vasco, al norte de Espa\u00f1a.<\/p>\n<p><strong>Cata<\/strong><\/p>\n<ul>\n<li>Color: Patxi Orujo de Herbes es dorado<\/li>\n<li>Olor: Exuberante con matices herbales<\/li>\n<li>Sabor: carnoso y especiado<\/li>\n<\/ul>\n<p><strong>Otros<\/strong><\/p>\n<p>GRADO ALCOH\u00d3LICO: 30\u00ba<\/p>\n<p>Capacidad: 70cl<\/p>\n<p>Almacenar a temperatura constante de 10-17\u00baC.<\/p>\n<p>Humedad constante en torno al 60-80%.<\/p>\n<p>Mantener preferiblemente alejado de la luz.<\/p>\n","protected":false},"excerpt":{"rendered":"<p>GRADO ALCOH\u00d3LICO: 30\u00ba<\/p>\n","protected":false},"featured_media":5809,"template":"","meta":[],"product_cat":[],"product_tag":[],"yoast_head":"<!-- This site is optimized with the Yoast SEO plugin v17.6 - https:\/\/yoast.com\/wordpress\/plugins\/seo\/ -->\n<title>Licor Hierbas Patxi - Jarra 70 cl. - EUSKAL DENDA: Euskal eskulangintza eta gastronomia<\/title>\n<meta name=\"robots\" content=\"index, follow, max-snippet:-1, max-image-preview:large, max-video-preview:-1\" \/>\n<link rel=\"canonical\" href=\"https:\/\/tienda.euskal-denda.com\/eu\/produktua\/licor-hierbas-patxi-jarra-70-cl\/\" \/>\n<meta property=\"og:locale\" content=\"en_US\" \/>\n<meta property=\"og:type\" content=\"article\" \/>\n<meta property=\"og:title\" content=\"Licor Hierbas Patxi - Jarra 70 cl. - EUSKAL DENDA: Euskal eskulangintza eta gastronomia\" \/>\n<meta property=\"og:description\" content=\"GRADO ALCOH\u00d3LICO: 30\u00ba\" \/>\n<meta property=\"og:url\" content=\"https:\/\/tienda.euskal-denda.com\/eu\/produktua\/licor-hierbas-patxi-jarra-70-cl\/\" \/>\n<meta property=\"og:site_name\" content=\"EUSKAL DENDA: Euskal eskulangintza eta gastronomia\" \/>\n<meta property=\"article:modified_time\" content=\"2021-04-29T15:40:45+00:00\" \/>\n<meta property=\"og:image\" content=\"http:\/\/tienda.euskal-denda.com\/eu\/wp-content\/uploads\/sites\/2\/2021\/04\/LicorHierbasPatxi.jpg\" \/>\n\t<meta property=\"og:image:width\" content=\"884\" \/>\n\t<meta property=\"og:image:height\" content=\"884\" \/>\n<meta name=\"twitter:card\" content=\"summary_large_image\" \/>\n<script type=\"application\/ld+json\" class=\"yoast-schema-graph\">{\"@context\":\"https:\/\/schema.org\",\"@graph\":[{\"@type\":\"WebSite\",\"@id\":\"https:\/\/tienda.euskal-denda.com\/eu\/#website\",\"url\":\"https:\/\/tienda.euskal-denda.com\/eu\/\",\"name\":\"EUSKAL DENDA: Euskal eskulangintza eta gastronomia\",\"description\":\"EUSKAL DENDA: Euskal eskulangintza eta gastronomia\",\"potentialAction\":[{\"@type\":\"SearchAction\",\"target\":{\"@type\":\"EntryPoint\",\"urlTemplate\":\"https:\/\/tienda.euskal-denda.com\/eu\/?s={search_term_string}\"},\"query-input\":\"required name=search_term_string\"}],\"inLanguage\":\"eu\"},{\"@type\":\"ImageObject\",\"@id\":\"https:\/\/tienda.euskal-denda.com\/eu\/produktua\/licor-hierbas-patxi-jarra-70-cl\/#primaryimage\",\"inLanguage\":\"eu\",\"url\":\"https:\/\/tienda.euskal-denda.com\/eu\/wp-content\/uploads\/sites\/2\/2021\/04\/LicorHierbasPatxi.jpg\",\"contentUrl\":\"https:\/\/tienda.euskal-denda.com\/eu\/wp-content\/uploads\/sites\/2\/2021\/04\/LicorHierbasPatxi.jpg\",\"width\":884,\"height\":884},{\"@type\":\"WebPage\",\"@id\":\"https:\/\/tienda.euskal-denda.com\/eu\/produktua\/licor-hierbas-patxi-jarra-70-cl\/#webpage\",\"url\":\"https:\/\/tienda.euskal-denda.com\/eu\/produktua\/licor-hierbas-patxi-jarra-70-cl\/\",\"name\":\"Licor Hierbas Patxi - Jarra 70 cl. - EUSKAL DENDA: Euskal eskulangintza eta gastronomia\",\"isPartOf\":{\"@id\":\"https:\/\/tienda.euskal-denda.com\/eu\/#website\"},\"primaryImageOfPage\":{\"@id\":\"https:\/\/tienda.euskal-denda.com\/eu\/produktua\/licor-hierbas-patxi-jarra-70-cl\/#primaryimage\"},\"datePublished\":\"2021-04-29T15:40:40+00:00\",\"dateModified\":\"2021-04-29T15:40:45+00:00\",\"breadcrumb\":{\"@id\":\"https:\/\/tienda.euskal-denda.com\/eu\/produktua\/licor-hierbas-patxi-jarra-70-cl\/#breadcrumb\"},\"inLanguage\":\"eu\",\"potentialAction\":[{\"@type\":\"ReadAction\",\"target\":[\"https:\/\/tienda.euskal-denda.com\/eu\/produktua\/licor-hierbas-patxi-jarra-70-cl\/\"]}]},{\"@type\":\"BreadcrumbList\",\"@id\":\"https:\/\/tienda.euskal-denda.com\/eu\/produktua\/licor-hierbas-patxi-jarra-70-cl\/#breadcrumb\",\"itemListElement\":[{\"@type\":\"ListItem\",\"position\":1,\"name\":\"Portada\",\"item\":\"https:\/\/tienda.euskal-denda.com\/eu\/\"},{\"@type\":\"ListItem\",\"position\":2,\"name\":\"Denda\",\"item\":\"https:\/\/tienda.euskal-denda.com\/eu\/denda\/\"},{\"@type\":\"ListItem\",\"position\":3,\"name\":\"Licor Hierbas Patxi &#8211; Jarra 70 cl.\"}]}]}<\/script>\n<!-- \/ Yoast SEO plugin. -->","yoast_head_json":{"title":"Licor Hierbas Patxi - Jarra 70 cl. - EUSKAL DENDA: Euskal eskulangintza eta gastronomia","robots":{"index":"index","follow":"follow","max-snippet":"max-snippet:-1","max-image-preview":"max-image-preview:large","max-video-preview":"max-video-preview:-1"},"canonical":"https:\/\/tienda.euskal-denda.com\/eu\/produktua\/licor-hierbas-patxi-jarra-70-cl\/","og_locale":"en_US","og_type":"article","og_title":"Licor Hierbas Patxi - Jarra 70 cl. - EUSKAL DENDA: Euskal eskulangintza eta gastronomia","og_description":"GRADO ALCOH\u00d3LICO: 30\u00ba","og_url":"https:\/\/tienda.euskal-denda.com\/eu\/produktua\/licor-hierbas-patxi-jarra-70-cl\/","og_site_name":"EUSKAL DENDA: Euskal eskulangintza eta gastronomia","article_modified_time":"2021-04-29T15:40:45+00:00","og_image":[{"width":884,"height":884,"url":"http:\/\/tienda.euskal-denda.com\/eu\/wp-content\/uploads\/sites\/2\/2021\/04\/LicorHierbasPatxi.jpg","type":"image\/jpeg"}],"twitter_card":"summary_large_image","schema":{"@context":"https:\/\/schema.org","@graph":[{"@type":"WebSite","@id":"https:\/\/tienda.euskal-denda.com\/eu\/#website","url":"https:\/\/tienda.euskal-denda.com\/eu\/","name":"EUSKAL DENDA: Euskal eskulangintza eta gastronomia","description":"EUSKAL DENDA: Euskal eskulangintza eta gastronomia","potentialAction":[{"@type":"SearchAction","target":{"@type":"EntryPoint","urlTemplate":"https:\/\/tienda.euskal-denda.com\/eu\/?s={search_term_string}"},"query-input":"required name=search_term_string"}],"inLanguage":"eu"},{"@type":"ImageObject","@id":"https:\/\/tienda.euskal-denda.com\/eu\/produktua\/licor-hierbas-patxi-jarra-70-cl\/#primaryimage","inLanguage":"eu","url":"https:\/\/tienda.euskal-denda.com\/eu\/wp-content\/uploads\/sites\/2\/2021\/04\/LicorHierbasPatxi.jpg","contentUrl":"https:\/\/tienda.euskal-denda.com\/eu\/wp-content\/uploads\/sites\/2\/2021\/04\/LicorHierbasPatxi.jpg","width":884,"height":884},{"@type":"WebPage","@id":"https:\/\/tienda.euskal-denda.com\/eu\/produktua\/licor-hierbas-patxi-jarra-70-cl\/#webpage","url":"https:\/\/tienda.euskal-denda.com\/eu\/produktua\/licor-hierbas-patxi-jarra-70-cl\/","name":"Licor Hierbas Patxi - Jarra 70 cl. - EUSKAL DENDA: Euskal eskulangintza eta gastronomia","isPartOf":{"@id":"https:\/\/tienda.euskal-denda.com\/eu\/#website"},"primaryImageOfPage":{"@id":"https:\/\/tienda.euskal-denda.com\/eu\/produktua\/licor-hierbas-patxi-jarra-70-cl\/#primaryimage"},"datePublished":"2021-04-29T15:40:40+00:00","dateModified":"2021-04-29T15:40:45+00:00","breadcrumb":{"@id":"https:\/\/tienda.euskal-denda.com\/eu\/produktua\/licor-hierbas-patxi-jarra-70-cl\/#breadcrumb"},"inLanguage":"eu","potentialAction":[{"@type":"ReadAction","target":["https:\/\/tienda.euskal-denda.com\/eu\/produktua\/licor-hierbas-patxi-jarra-70-cl\/"]}]},{"@type":"BreadcrumbList","@id":"https:\/\/tienda.euskal-denda.com\/eu\/produktua\/licor-hierbas-patxi-jarra-70-cl\/#breadcrumb","itemListElement":[{"@type":"ListItem","position":1,"name":"Portada","item":"https:\/\/tienda.euskal-denda.com\/eu\/"},{"@type":"ListItem","position":2,"name":"Denda","item":"https:\/\/tienda.euskal-denda.com\/eu\/denda\/"},{"@type":"ListItem","position":3,"name":"Licor Hierbas Patxi &#8211; Jarra 70 cl."}]}]}},"_links":{"self":[{"href":"https:\/\/tienda.euskal-denda.com\/eu\/wp-json\/wp\/v2\/product\/5780"}],"collection":[{"href":"https:\/\/tienda.euskal-denda.com\/eu\/wp-json\/wp\/v2\/product"}],"about":[{"href":"https:\/\/tienda.euskal-denda.com\/eu\/wp-json\/wp\/v2\/types\/product"}],"wp:featuredmedia":[{"embeddable":true,"href":"https:\/\/tienda.euskal-denda.com\/eu\/wp-json\/wp\/v2\/media\/5809"}],"wp:attachment":[{"href":"https:\/\/tienda.euskal-denda.com\/eu\/wp-json\/wp\/v2\/media?parent=5780"}],"wp:term":[{"taxonomy":"product_cat","embeddable":true,"href":"https:\/\/tienda.euskal-denda.com\/eu\/wp-json\/wp\/v2\/product_cat?post=5780"},{"taxonomy":"product_tag","embeddable":true,"href":"https:\/\/tienda.euskal-denda.com\/eu\/wp-json\/wp\/v2\/product_tag?post=5780"}],"curies":[{"name":"wp","href":"https:\/\/api.w.org\/{rel}","templated":true}]}}